{"id":9937,"date":"2021-03-03T18:12:25","date_gmt":"2021-03-03T18:12:25","guid":{"rendered":"https:\/\/nexgen.codings.dev\/?page_id=9937"},"modified":"2023-07-28T23:40:07","modified_gmt":"2023-07-29T04:40:07","slug":"page-about-1","status":"publish","type":"page","link":"https:\/\/guerreromartinez.com.co\/?page_id=9937","title":{"rendered":"Nosotros"},"content":{"rendered":"\t\t<div data-elementor-type=\"wp-page\" data-elementor-id=\"9937\" class=\"elementor elementor-9937\">\n\t\t\t\t\t\t<section class=\"elementor-section elementor-top-section elementor-element elementor-element-005a061 elementor-section-boxed elementor-section-height-default elementor-section-height-default\" data-id=\"005a061\" data-element_type=\"section\">\n\t\t\t\t\t\t<div class=\"elementor-container elementor-column-gap-no\">\n\t\t\t\t\t<div class=\"elementor-column elementor-col-100 elementor-top-column elementor-element elementor-element-aae9333\" data-id=\"aae9333\" data-element_type=\"column\">\n\t\t\t<div class=\"elementor-widget-wrap elementor-element-populated\">\n\t\t\t\t\t\t<section class=\"elementor-section elementor-inner-section elementor-element elementor-element-f4a744b elementor-section-full_width elementor-section-height-default elementor-section-height-default\" data-id=\"f4a744b\" data-element_type=\"section\">\n\t\t\t\t\t\t<div class=\"elementor-container elementor-column-gap-no\">\n\t\t\t\t\t<div class=\"elementor-column elementor-col-66 elementor-inner-column elementor-element elementor-element-8adb17a\" data-id=\"8adb17a\" data-element_type=\"column\">\n\t\t\t<div class=\"elementor-widget-wrap elementor-element-populated\">\n\t\t\t\t\t\t<div class=\"elementor-element elementor-element-3abe6ef elementor-widget elementor-widget-text-editor\" data-id=\"3abe6ef\" data-element_type=\"widget\" data-widget_type=\"text-editor.default\">\n\t\t\t\t<div class=\"elementor-widget-container\">\n\t\t\t\t\t\t\t\t\t<p><img fetchpriority=\"high\" decoding=\"async\" src=\"http:\/\/guerreromartinez.com.co\/wp-content\/uploads\/2021\/03\/bg-2.jpg\" alt=\"\" width=\"1920\" height=\"1064\" \/><\/p><p>Somos un equipo de profesionales apasionados por la seguridad y salud en el trabajo. Nuestra misi\u00f3n es ayudar a las empresas de Colombia a crear entornos laborales seguros, saludables y libres de riesgos.<\/p><p>Nuestra amplia experiencia en el campo de la seguridad y salud en el trabajo nos permite comprender los desaf\u00edos espec\u00edficos que enfrentan las organizaciones en Colombia. Trabajamos en estrecha colaboraci\u00f3n con nuestros clientes para desarrollar soluciones personalizadas que se adapten a sus necesidades y cumplan con las normas y regulaciones locales.<\/p><p>Lo que nos diferencia es nuestro enfoque personalizado y orientado a resultados. Comprendemos que cada empresa tiene necesidades y desaf\u00edos \u00fanicos, por lo que adaptamos nuestras soluciones para cumplir con los requisitos espec\u00edficos de cada cliente, estableciendo una relaci\u00f3n de confianza y brindando un servicio excepcional en cada etapa del proceso.<\/p><p style=\"text-align: justify;\">Hemos ayudado a numerosas empresas a mejorar sus pr\u00e1cticas de seguridad, reducir accidentes laborales y promover una cultura de prevenci\u00f3n en el lugar de trabajo. Nuestro compromiso con la excelencia y la satisfacci\u00f3n del cliente nos impulsa a superar las expectativas en cada proyecto que emprendemos.<\/p><p>\u00a0<\/p>\t\t\t\t\t\t\t\t<\/div>\n\t\t\t\t<\/div>\n\t\t\t\t\t<\/div>\n\t\t<\/div>\n\t\t\t\t<div class=\"elementor-column elementor-col-33 elementor-inner-column elementor-element elementor-element-6d55ed9\" data-id=\"6d55ed9\" data-element_type=\"column\">\n\t\t\t<div class=\"elementor-widget-wrap\">\n\t\t\t\t\t\t\t<\/div>\n\t\t<\/div>\n\t\t\t\t\t<\/div>\n\t\t<\/section>\n\t\t\t\t\t<\/div>\n\t\t<\/div>\n\t\t\t\t\t<\/div>\n\t\t<\/section>\n\t\t\t\t<section class=\"elementor-section elementor-top-section elementor-element elementor-element-721d212 elementor-section-boxed elementor-section-height-default elementor-section-height-default\" data-id=\"721d212\" data-element_type=\"section\">\n\t\t\t\t\t\t<div class=\"elementor-container elementor-column-gap-no\">\n\t\t\t\t\t<div class=\"elementor-column elementor-col-50 elementor-top-column elementor-element elementor-element-47bdc86\" data-id=\"47bdc86\" data-element_type=\"column\">\n\t\t\t<div class=\"elementor-widget-wrap elementor-element-populated\">\n\t\t\t\t\t\t<section class=\"elementor-section elementor-inner-section elementor-element elementor-element-7c73989 elementor-section-full_width elementor-section-height-default elementor-section-height-default\" data-id=\"7c73989\" data-element_type=\"section\">\n\t\t\t\t\t\t<div class=\"elementor-container elementor-column-gap-no\">\n\t\t\t\t\t<div class=\"elementor-column elementor-col-100 elementor-inner-column elementor-element elementor-element-99aefd4\" data-id=\"99aefd4\" data-element_type=\"column\">\n\t\t\t<div class=\"elementor-widget-wrap\">\n\t\t\t\t\t\t\t<\/div>\n\t\t<\/div>\n\t\t\t\t\t<\/div>\n\t\t<\/section>\n\t\t\t\t\t<\/div>\n\t\t<\/div>\n\t\t\t\t<div class=\"elementor-column elementor-col-50 elementor-top-column elementor-element elementor-element-2280b35\" data-id=\"2280b35\" data-element_type=\"column\">\n\t\t\t<div class=\"elementor-widget-wrap\">\n\t\t\t\t\t\t\t<\/div>\n\t\t<\/div>\n\t\t\t\t\t<\/div>\n\t\t<\/section>\n\t\t\t\t<\/div>\n\t\t","protected":false},"excerpt":{"rendered":"<p>Nosotros En seguridad y salud en el trabajo Somos un equipo de profesionales apasionados por la seguridad y salud en&#8230;<\/p>\n","protected":false},"author":1,"featured_media":9845,"parent":0,"menu_order":0,"comment_status":"closed","ping_status":"closed","template":"","meta":{"footnotes":""},"class_list":["post-9937","page","type-page","status-publish","has-post-thumbnail","hentry"],"_links":{"self":[{"href":"https:\/\/guerreromartinez.com.co\/index.php?rest_route=\/wp\/v2\/pages\/9937","targetHints":{"allow":["GET"]}}],"collection":[{"href":"https:\/\/guerreromartinez.com.co\/index.php?rest_route=\/wp\/v2\/pages"}],"about":[{"href":"https:\/\/guerreromartinez.com.co\/index.php?rest_route=\/wp\/v2\/types\/page"}],"author":[{"embeddable":true,"href":"https:\/\/guerreromartinez.com.co\/index.php?rest_route=\/wp\/v2\/users\/1"}],"replies":[{"embeddable":true,"href":"https:\/\/guerreromartinez.com.co\/index.php?rest_route=%2Fwp%2Fv2%2Fcomments&post=9937"}],"version-history":[{"count":67,"href":"https:\/\/guerreromartinez.com.co\/index.php?rest_route=\/wp\/v2\/pages\/9937\/revisions"}],"predecessor-version":[{"id":15518,"href":"https:\/\/guerreromartinez.com.co\/index.php?rest_route=\/wp\/v2\/pages\/9937\/revisions\/15518"}],"wp:featuredmedia":[{"embeddable":true,"href":"https:\/\/guerreromartinez.com.co\/index.php?rest_route=\/wp\/v2\/media\/9845"}],"wp:attachment":[{"href":"https:\/\/guerreromartinez.com.co\/index.php?rest_route=%2Fwp%2Fv2%2Fmedia&parent=9937"}],"curies":[{"name":"wp","href":"https:\/\/api.w.org\/{rel}","templated":true}]}}